{"id":11,"date":"2017-09-08T15:24:51","date_gmt":"2017-09-08T13:24:51","guid":{"rendered":"http:\/\/www.mi-e-ti.com\/?page_id=11"},"modified":"2018-10-16T17:22:30","modified_gmt":"2018-10-16T15:22:30","slug":"home","status":"publish","type":"page","link":"https:\/\/www.mi-e-ti.com\/en\/home\/","title":{"rendered":"Home"},"content":{"rendered":"<p>A couple of gins\u2026 plus one<\/p>\n<p>The M\u00ec&amp;T\u00ec collection is composed by a couple of gins respectively conceived to enhance the characteristics of the classic Martini Cocktail (Gin M\u00ec) and the perfect Gin &amp; Tonic (Gin T\u00ec), as well as by a barrel-aged Gin (Gin L\u00f9), matured in three different woods: oak, mulberry and juniper.<\/p>\n<p>The three gins have a common root, given by the use of some of the most \u201cclassic\u201d gin botanicals \u2013 juniper, sage, liquorice, rose and lemon \u2013 but they differ in perfumes and taste for the use of some specific essences (yuzu, Lapsang Souchong, camomile, cherry, orange) that give to each spirit a different and specific character.<\/p>\n<p>The alcohol content is also different: 45 degrees for Gin T\u00ec, 50 degrees for Gin M\u00ec, 55 degrees for Gin L\u00f9.<\/p>\n<p>All M\u00ec&amp;T\u00ec spirits are handcrafted with high quality materials by Origine Laboratorio, in the small village of Cengio, in northern Italy.<br \/>\nThe botanicals are first infused separately in a high quality organic grain, then mixed as per our exclusive and proprietary recipe and finally re-distilled at Rotavapor, under vacuum and at low temperatures.<\/p>","protected":false},"excerpt":{"rendered":"<p>A couple of gins\u2026 plus one The M\u00ec&amp;T\u00ec collection is composed by a couple of gins respectively conceived to enhance the characteristics of the classic Martini Cocktail (Gin M\u00ec) and the perfect Gin &amp; Tonic (Gin T\u00ec), as well as by a barrel-aged Gin (Gin L\u00f9), matured in three different woods: oak, mulberry and juniper. [&hellip;]<\/p>\n","protected":false},"author":1,"featured_media":183,"parent":0,"menu_order":0,"comment_status":"closed","ping_status":"closed","template":"","meta":{"footnotes":""},"class_list":["post-11","page","type-page","status-publish","has-post-thumbnail","hentry"],"_links":{"self":[{"href":"https:\/\/www.mi-e-ti.com\/en\/wp-json\/wp\/v2\/pages\/11","targetHints":{"allow":["GET"]}}],"collection":[{"href":"https:\/\/www.mi-e-ti.com\/en\/wp-json\/wp\/v2\/pages"}],"about":[{"href":"https:\/\/www.mi-e-ti.com\/en\/wp-json\/wp\/v2\/types\/page"}],"author":[{"embeddable":true,"href":"https:\/\/www.mi-e-ti.com\/en\/wp-json\/wp\/v2\/users\/1"}],"replies":[{"embeddable":true,"href":"https:\/\/www.mi-e-ti.com\/en\/wp-json\/wp\/v2\/comments?post=11"}],"version-history":[{"count":8,"href":"https:\/\/www.mi-e-ti.com\/en\/wp-json\/wp\/v2\/pages\/11\/revisions"}],"predecessor-version":[{"id":203,"href":"https:\/\/www.mi-e-ti.com\/en\/wp-json\/wp\/v2\/pages\/11\/revisions\/203"}],"wp:featuredmedia":[{"embeddable":true,"href":"https:\/\/www.mi-e-ti.com\/en\/wp-json\/wp\/v2\/media\/183"}],"wp:attachment":[{"href":"https:\/\/www.mi-e-ti.com\/en\/wp-json\/wp\/v2\/media?parent=11"}],"curies":[{"name":"wp","href":"https:\/\/api.w.org\/{rel}","templated":true}]}}