{"id":184,"date":"2018-10-16T15:14:59","date_gmt":"2018-10-16T13:14:59","guid":{"rendered":"http:\/\/www.mi-e-ti.com\/?page_id=184"},"modified":"2018-10-31T18:31:16","modified_gmt":"2018-10-31T17:31:16","slug":"gin-lu-distillato-e-botaniche","status":"publish","type":"page","link":"https:\/\/www.mi-e-ti.com\/en\/gin-lu-distillato-e-botaniche\/","title":{"rendered":"Gin L\u00f9 &#8211; Spirit, Botanicals and Wood-ageing Process"},"content":{"rendered":"<p><strong>Gin L\u00f9 &#8211; Spirit, Botanicals, Wood-Ageing Process<\/strong><\/p>\n<p>Gin L\u00f9 is a gin aged in wooden barrels, with an exclusive and unique refinement process.<\/p>\n<p>Juniper dominates the blend of Gin L\u00f9 botanicals, together with Sage, Liquorice, Damascus Rose, Cherry, Lapsang Souchong Tea and Red Orange of Sicily.<\/p>\n<p>Like Gin M\u00ec and Gin T\u00ec, Gin L\u00f9 is also produced in very small batches, with a double distillation process, under vacuum at low temperatures.<\/p>\n<p>Cask-ageing is made with a passage in three different woods &#8211; Oak, Gelso, Ginepro &#8211; with aging times, size of the barrels and to preparation of the barrels, different for each phase and wood.<\/p>\n<p>Gin L\u00f9 barrels are in fact treated, before their use, with two refined Chinese teas: a precious re-fermented Pu-Erh tea derived from 900-year-old plants, and a powerful Royal Lapsang Souchong, the sophisticated smoked tea from Fujian, used also as a botanical in Gin L\u00f9\u2019s recipe.<\/p>\n<footer><a href=\"\/gin-lu-tasting-notes\/\">Gin L\u00f9 &#8211; Tasting Notes<\/a><\/footer>\n<p><\/p>","protected":false},"excerpt":{"rendered":"<p>Gin L\u00f9 &#8211; Spirit, Botanicals, Wood-Ageing Process Gin L\u00f9 is a gin aged in wooden barrels, with an exclusive and unique refinement process. Juniper dominates the blend of Gin L\u00f9 botanicals, together with Sage, Liquorice, Damascus Rose, Cherry, Lapsang Souchong Tea and Red Orange of Sicily. Like Gin M\u00ec and Gin T\u00ec, Gin L\u00f9 is [&hellip;]<\/p>\n","protected":false},"author":1,"featured_media":213,"parent":0,"menu_order":0,"comment_status":"closed","ping_status":"closed","template":"","meta":{"footnotes":""},"class_list":["post-184","page","type-page","status-publish","has-post-thumbnail","hentry"],"_links":{"self":[{"href":"https:\/\/www.mi-e-ti.com\/en\/wp-json\/wp\/v2\/pages\/184","targetHints":{"allow":["GET"]}}],"collection":[{"href":"https:\/\/www.mi-e-ti.com\/en\/wp-json\/wp\/v2\/pages"}],"about":[{"href":"https:\/\/www.mi-e-ti.com\/en\/wp-json\/wp\/v2\/types\/page"}],"author":[{"embeddable":true,"href":"https:\/\/www.mi-e-ti.com\/en\/wp-json\/wp\/v2\/users\/1"}],"replies":[{"embeddable":true,"href":"https:\/\/www.mi-e-ti.com\/en\/wp-json\/wp\/v2\/comments?post=184"}],"version-history":[{"count":2,"href":"https:\/\/www.mi-e-ti.com\/en\/wp-json\/wp\/v2\/pages\/184\/revisions"}],"predecessor-version":[{"id":204,"href":"https:\/\/www.mi-e-ti.com\/en\/wp-json\/wp\/v2\/pages\/184\/revisions\/204"}],"wp:featuredmedia":[{"embeddable":true,"href":"https:\/\/www.mi-e-ti.com\/en\/wp-json\/wp\/v2\/media\/213"}],"wp:attachment":[{"href":"https:\/\/www.mi-e-ti.com\/en\/wp-json\/wp\/v2\/media?parent=184"}],"curies":[{"name":"wp","href":"https:\/\/api.w.org\/{rel}","templated":true}]}}